{"id":88,"date":"2015-07-03T14:09:20","date_gmt":"2015-07-03T12:09:20","guid":{"rendered":"http:\/\/kfvm.hosted-by-mm.com\/?page_id=88"},"modified":"2026-01-18T17:02:57","modified_gmt":"2026-01-18T16:02:57","slug":"mitglied-werden","status":"publish","type":"page","link":"https:\/\/www.xn--kreisfischereiverein-mnchberg-6bd.de\/?page_id=88","title":{"rendered":"Mitglied werden"},"content":{"rendered":"<p>Wir freuen uns \u00fcber neue Mitglieder! Die Neuaufnahme ist bei uns geb\u00fchrenfrei.<\/p>\n<p>Kontaktaufnahme: bei den beiden Vorst\u00e4nden<\/p>\n<h3>Mitgliedsbeitr\u00e4ge im Jahr<\/h3>\n<p>Kinder und Jugendliche 10,00 \u20ac<\/p>\n<p>Vollj\u00e4hrige Mitglieder 20,00 \u20ac<\/p>\n<p>Familienbeitrag 40,00 \u20ac<\/p>\n<p>Unser Anmeldeformular und die Einverst\u00e4ndniserkl\u00e4rung k\u00f6nnen Sie hier herunterladen. Bitte beides bei Thomas Schmidt abgeben.<\/p>\n<h1><span style=\"text-decoration: underline;\"><span style=\"color: #0000ff;\"><a style=\"color: #0000ff; text-decoration: underline;\" href=\"https:\/\/www.xn--kreisfischereiverein-mnchberg-6bd.de\/wp-content\/uploads\/2020\/02\/AUFNAHMEANTRAG-neu.pdf\">Download Aufnahmeantrag<\/a><\/span><\/span><\/h1>\n<h1><a href=\"https:\/\/www.xn--kreisfischereiverein-mnchberg-6bd.de\/wp-content\/uploads\/2026\/01\/Zustimmung-Datenschutz-KFVM.pdf\"><span style=\"color: #0000ff;\">Download Zustimmung Daten<\/span><\/a><\/h1>\n<h1><\/h1>\n","protected":false},"excerpt":{"rendered":"<p>Wir freuen uns \u00fcber neue Mitglieder! Die Neuaufnahme ist bei uns geb\u00fchrenfrei. Kontaktaufnahme: bei den beiden Vorst\u00e4nden Mitgliedsbeitr\u00e4ge im Jahr Kinder und Jugendliche 10,00 \u20ac Vollj\u00e4hrige Mitglieder 20,00 \u20ac Familienbeitrag 40,00 \u20ac Unser Anmeldeformular und die Einverst\u00e4ndniserkl\u00e4rung k\u00f6nnen Sie hier<\/p>\n","protected":false},"author":1,"featured_media":0,"parent":46,"menu_order":0,"comment_status":"closed","ping_status":"closed","template":"","meta":{"footnotes":""},"class_list":["post-88","page","type-page","status-publish","hentry"],"_links":{"self":[{"href":"https:\/\/www.xn--kreisfischereiverein-mnchberg-6bd.de\/index.php?rest_route=\/wp\/v2\/pages\/88","targetHints":{"allow":["GET"]}}],"collection":[{"href":"https:\/\/www.xn--kreisfischereiverein-mnchberg-6bd.de\/index.php?rest_route=\/wp\/v2\/pages"}],"about":[{"href":"https:\/\/www.xn--kreisfischereiverein-mnchberg-6bd.de\/index.php?rest_route=\/wp\/v2\/types\/page"}],"author":[{"embeddable":true,"href":"https:\/\/www.xn--kreisfischereiverein-mnchberg-6bd.de\/index.php?rest_route=\/wp\/v2\/users\/1"}],"replies":[{"embeddable":true,"href":"https:\/\/www.xn--kreisfischereiverein-mnchberg-6bd.de\/index.php?rest_route=%2Fwp%2Fv2%2Fcomments&post=88"}],"version-history":[{"count":13,"href":"https:\/\/www.xn--kreisfischereiverein-mnchberg-6bd.de\/index.php?rest_route=\/wp\/v2\/pages\/88\/revisions"}],"predecessor-version":[{"id":832,"href":"https:\/\/www.xn--kreisfischereiverein-mnchberg-6bd.de\/index.php?rest_route=\/wp\/v2\/pages\/88\/revisions\/832"}],"up":[{"embeddable":true,"href":"https:\/\/www.xn--kreisfischereiverein-mnchberg-6bd.de\/index.php?rest_route=\/wp\/v2\/pages\/46"}],"wp:attachment":[{"href":"https:\/\/www.xn--kreisfischereiverein-mnchberg-6bd.de\/index.php?rest_route=%2Fwp%2Fv2%2Fmedia&parent=88"}],"curies":[{"name":"wp","href":"https:\/\/api.w.org\/{rel}","templated":true}]}}