{"id":83,"date":"2015-07-03T14:04:34","date_gmt":"2015-07-03T12:04:34","guid":{"rendered":"http:\/\/kfvm.hosted-by-mm.com\/?page_id=83"},"modified":"2023-03-19T20:15:04","modified_gmt":"2023-03-19T19:15:04","slug":"angelkarten-fangmengen","status":"publish","type":"page","link":"https:\/\/www.xn--kreisfischereiverein-mnchberg-6bd.de\/?page_id=83","title":{"rendered":"Angelkarten, Fangmengen"},"content":{"rendered":"<p>Bei uns k\u00f6nnen Sie den See &#8222;Hintere H\u00f6he&#8220; und die Pulschnitz beangeln.<\/p>\n<p>Wir\u00a0bieten Tages &#8211; und Jahreskarten f\u00fcr Gastangler am See &#8222;Hintere H\u00f6he&#8220; an. Jugendliche Angler k\u00f6nnen eine Tageskarte erwerben.<\/p>\n<p>Die B\u00e4che k\u00f6nnen nur von Mitgliedern befischt werden.<\/p>\n<h3>Bedingung f\u00fcr den Erwerb einer Angelkarte<strong><br \/>\n<\/strong><\/h3>\n<p>Eine Angelkarte kann nur in Verbindung mit einem g\u00fcltigen staatlichen Fischereischein gel\u00f6st werden. Jugendliche ab 10 Jahren k\u00f6nnen im zust\u00e4ndigem Rathaus einen Jugendfischereischein ohne Fischerpr\u00fcfung erwerben. Mit einem Jugendfischereischein d\u00fcrfen Jugendliche nur in Begleitung mit einem vollj\u00e4hrigen Inhaber eines Fischereischeins angeln.<\/p>\n<h3><span style=\"color: #339966;\">See &#8222;Hintere H\u00f6he&#8220;<\/span><\/h3>\n<h3><span style=\"color: #ff6600;\">Angelkartenpreise<\/span><\/h3>\n\n<table id=\"tablepress-5\" class=\"tablepress tablepress-id-5\">\n<thead>\n<tr class=\"row-1\">\n\t<td class=\"column-1\"><\/td><th class=\"column-2\">Tageskarte<\/th><th class=\"column-3\">Jahreskarte<\/th>\n<\/tr>\n<\/thead>\n<tbody class=\"row-striping row-hover\">\n<tr class=\"row-2\">\n\t<td class=\"column-1\">Mitglieder<\/td><td class=\"column-2\">10,00 \u20ac<\/td><td class=\"column-3\">90,00 \u20ac<\/td>\n<\/tr>\n<tr class=\"row-3\">\n\t<td class=\"column-1\">Nichtmitglieder<\/td><td class=\"column-2\">12,00 \u20ac<\/td><td class=\"column-3\">130,00 \u20ac<\/td>\n<\/tr>\n<\/tbody>\n<\/table>\n<!-- #tablepress-5 from cache -->\n<h3><span style=\"color: #ff6600;\">Fangmengen Tageskarte<\/span><\/h3>\n<p>Es d\u00fcrfen pro Tag maximal 4 Fische gefangen werden.<\/p>\n<p>Maximal d\u00fcrfen 2 Karpfen in den 4 gefangen Fischen enthalten sein.<\/p>\n<p>Maximal d\u00fcrfen 2 Salmonieden in den 4 gefangen Fischen enthalten sein.<\/p>\n<p>Maximal darf 1 Raubfisch (Zander \/ Hecht) in den 4 gefangen Fischen enthalten sein.<\/p>\n<p>Andere Fische sind Schleien, Aale, Graskarpfen, Silberkarpfen und Marmorkarpfen.<\/p>\n<p>Wei\u00dffische und Barsche sind frei.<\/p>\n<p>Es gelten die f\u00fcr Oberfranken festgelegten Schonma\u00dfe und Schonzeiten. \u00c4nderungen sind auf der Angelkarte vermerkt.<\/p>\n<h3><span style=\"color: #ff6600;\">Fangmengen Jahreskarte<\/span><\/h3>\n<p>Die t\u00e4gliche Fangmenge richtet sich nach den Mengen der Tageskarte. J\u00e4hrliche Fangmengen:<\/p>\n<p>16 Karpfen<\/p>\n<p>10 Salmonieden<\/p>\n<p>20 andere Fische (Schleien, Aale, Graskarpfen, Silberkarpfen und Marmorkarpfen)<\/p>\n<p>5 Raubfische (Hecht, Zander)<\/p>\n<p>Wei\u00dffische und Barsche sind frei.<\/p>\n<p>Es gelten die f\u00fcr Oberfranken festgelegten Schonma\u00dfe und Schonzeiten. \u00c4nderungen sind auf der Angelkarte vermerkt.<\/p>\n<h3>Bitte beachten<\/h3>\n<p>F\u00fcr unsere G\u00e4ste beginnt die Angelsaison ab dem 1. Mai.<\/p>\n<h3><span style=\"color: #339966;\">Flie\u00dfgew\u00e4sser (Pulschnitz + L\u00f6stenbach)<\/span><\/h3>\n<h3><span style=\"color: #ff6600;\">Angelkartenpreise<\/span><\/h3>\n\n<table id=\"tablepress-6\" class=\"tablepress tablepress-id-6\">\n<thead>\n<tr class=\"row-1\">\n\t<td class=\"column-1\"><\/td><th class=\"column-2\">Jahreskarte<\/th>\n<\/tr>\n<\/thead>\n<tbody class=\"row-striping row-hover\">\n<tr class=\"row-2\">\n\t<td class=\"column-1\">Mitglieder<\/td><td class=\"column-2\">nur als gro\u00dfe Kombikarte erh\u00e4ltlich<\/td>\n<\/tr>\n<\/tbody>\n<\/table>\n<!-- #tablepress-6 from cache -->\n<h3><span style=\"color: #ff6600;\">Fangmengen Jahreskarte<br \/>\n<\/span><\/h3>\n<p>Pro Jahr d\u00fcrfen 15 Salmonieden und 5 andere Fische gefangen werden. Tagesh\u00f6chstfangmenge 3 Fische.<\/p>\n<p>Es gelten die f\u00fcr Oberfranken festgelegten Schonma\u00dfe und Schonzeiten. \u00c4nderungen sind auf der Angelkarte vermerkt.<\/p>\n<h3>Bitte beachten<\/h3>\n<p>F\u00fcr die B\u00e4che k\u00f6nnen nur Jahreskarten von Mitgliedern erworben werden. An den B\u00e4chen ist das Fischen mit nur einer Handangel erlaubt. Raubfische (Hecht, Zander oder Wels) sind dem Gew\u00e4sser zu entnehmen, ohne Schonma\u00df bzw. Schonzeit. Am Bach sind gefangene Fische sofort zu schlachten &#8211; die Benutzung eines Setzkeschers ist nicht gestattet.<\/p>\n<h3><span style=\"color: #339966;\">Jahres &#8211; Kombikarten f\u00fcr Vereinsmitglieder<\/span><\/h3>\n<p>Gro\u00dfe Kombi (Hintere H\u00f6he; Solg; Pulschnitz)\u00a0 140 \u20ac<\/p>\n<p>Kleine Kombi (Hintere H\u00f6he; Solg) 110 \u20ac<\/p>\n<h3><span style=\"color: #993366;\">Ausgabestellen f\u00fcr Angelkarten<\/span><\/h3>\n<h4>B\u00e4ckerei Ro\u00dfner<\/h4>\n<p><strong><span style=\"color: #ff0000;\">Im Moment kein Kartenverkauf<\/span><\/strong><\/p>\n<p>Kulmbacher Stra\u00dfe 165; 95213 M\u00fcnchberg; Telefon: 09251\/5261<\/p>\n<p>Kartenverkauf nur w\u00e4hrend der Laden\u00f6ffnungszeiten, nur Tageskarten; nur Verkauf\u00a0 &#8211; keine Beratung<\/p>\n<h4>Thomas Schmidt &#8211; <span style=\"color: #008000;\">Jahreskarten\u00a0 + Tageskarten<\/span><\/h4>\n<p>Waldsteinstra\u00dfe 45; 95213 M\u00fcnchberg; Telefon: 09251\/2717<\/p>\n<p><strong><span style=\"color: #008000;\">Kartenverkauf ab 18.00 Uhr; bitte am Vortag bestellen,\u00a0<\/span><\/strong><\/p>\n<h4>Matthias Walther &#8211; <span style=\"color: #008000;\">Tageskarten<\/span><\/h4>\n<p>Richard-Wagner-Stra\u00dfe 30; 95213 M\u00fcnchberg; Telefon: 09251\/3681<\/p>\n<p><strong><span style=\"color: #008000;\">Kartenverkauf zwischen 17.00 Uhr &#8211; 19.30 Uhr, bitte am Vortag bestellen,\u00a0\u00a0<\/span><\/strong><\/p>\n<h4>Emmerich Feigl &#8211; <span style=\"color: #008000;\">Tageskarten<\/span><\/h4>\n<p><span style=\"color: #333333;\">Am Walzbach 2; 95213 M\u00fcnchberg; Telefon: 09251 \/ 2839<\/span><\/p>\n<p>Nach Absprache in der H\u00fctte am See in der Hinteren H\u00f6he<\/p>\n","protected":false},"excerpt":{"rendered":"<p>Bei uns k\u00f6nnen Sie den See &#8222;Hintere H\u00f6he&#8220; und die Pulschnitz beangeln. Wir\u00a0bieten Tages &#8211; und Jahreskarten f\u00fcr Gastangler am See &#8222;Hintere H\u00f6he&#8220; an. Jugendliche Angler k\u00f6nnen eine Tageskarte erwerben. Die B\u00e4che k\u00f6nnen nur von Mitgliedern befischt werden. Bedingung f\u00fcr<\/p>\n","protected":false},"author":1,"featured_media":0,"parent":46,"menu_order":0,"comment_status":"closed","ping_status":"closed","template":"","meta":{"footnotes":""},"class_list":["post-83","page","type-page","status-publish","hentry"],"_links":{"self":[{"href":"https:\/\/www.xn--kreisfischereiverein-mnchberg-6bd.de\/index.php?rest_route=\/wp\/v2\/pages\/83","targetHints":{"allow":["GET"]}}],"collection":[{"href":"https:\/\/www.xn--kreisfischereiverein-mnchberg-6bd.de\/index.php?rest_route=\/wp\/v2\/pages"}],"about":[{"href":"https:\/\/www.xn--kreisfischereiverein-mnchberg-6bd.de\/index.php?rest_route=\/wp\/v2\/types\/page"}],"author":[{"embeddable":true,"href":"https:\/\/www.xn--kreisfischereiverein-mnchberg-6bd.de\/index.php?rest_route=\/wp\/v2\/users\/1"}],"replies":[{"embeddable":true,"href":"https:\/\/www.xn--kreisfischereiverein-mnchberg-6bd.de\/index.php?rest_route=%2Fwp%2Fv2%2Fcomments&post=83"}],"version-history":[{"count":25,"href":"https:\/\/www.xn--kreisfischereiverein-mnchberg-6bd.de\/index.php?rest_route=\/wp\/v2\/pages\/83\/revisions"}],"predecessor-version":[{"id":752,"href":"https:\/\/www.xn--kreisfischereiverein-mnchberg-6bd.de\/index.php?rest_route=\/wp\/v2\/pages\/83\/revisions\/752"}],"up":[{"embeddable":true,"href":"https:\/\/www.xn--kreisfischereiverein-mnchberg-6bd.de\/index.php?rest_route=\/wp\/v2\/pages\/46"}],"wp:attachment":[{"href":"https:\/\/www.xn--kreisfischereiverein-mnchberg-6bd.de\/index.php?rest_route=%2Fwp%2Fv2%2Fmedia&parent=83"}],"curies":[{"name":"wp","href":"https:\/\/api.w.org\/{rel}","templated":true}]}}