{"id":72,"date":"2015-07-03T13:47:55","date_gmt":"2015-07-03T11:47:55","guid":{"rendered":"http:\/\/kfvm.hosted-by-mm.com\/?page_id=72"},"modified":"2026-01-18T16:56:29","modified_gmt":"2026-01-18T15:56:29","slug":"unsere-junge-seite","status":"publish","type":"page","link":"https:\/\/www.xn--kreisfischereiverein-mnchberg-6bd.de\/?page_id=72","title":{"rendered":"Unsere junge Seite"},"content":{"rendered":"<h3>Die Jugendgruppe<\/h3>\n<p>Mit Brigitte Schmidt, Thorsten Langhammer und Andreas Hoffmann stehen der Jugend drei erfahrene, verantwortungsbewusste und engagierte Jugendleiter und Angler zur Verf\u00fcgung.<\/p>\n<p><span style=\"color: #ff0000;\">\u00a0<\/span><\/p>\n<h3>Termine der Jugendgruppe<\/h3>\n<p>sind in Vorbereitung<\/p>\n<p>&nbsp;<\/p>\n<p>Beginn ist jeweils um 14.00 Uhr. Bitte an vollst\u00e4ndige Angelausr\u00fcstung und an witterungsabh\u00e4nige Kleidung denken.<\/p>\n<p>Jugendzeltlager am 01.08.15 und 02.08.15 in Solg<\/p>\n<p><a href=\"http:\/\/www.kreisfischereiverein-m\u00fcnchberg.de\/wp-content\/uploads\/2015\/07\/CAM00644.jpg\"><img loading=\"lazy\" decoding=\"async\" class=\"wp-image-132 size-large aligncenter\" src=\"http:\/\/www.kreisfischereiverein-m\u00fcnchberg.de\/wp-content\/uploads\/2015\/07\/CAM00644-1024x768.jpg\" alt=\"CAM00644\" width=\"710\" height=\"533\" srcset=\"https:\/\/www.xn--kreisfischereiverein-mnchberg-6bd.de\/wp-content\/uploads\/2015\/07\/CAM00644-1024x768.jpg 1024w, https:\/\/www.xn--kreisfischereiverein-mnchberg-6bd.de\/wp-content\/uploads\/2015\/07\/CAM00644-300x225.jpg 300w\" sizes=\"auto, (max-width: 710px) 100vw, 710px\" \/><\/a><\/p>\n<h3><\/h3>\n<h3>Unsere Ziele f\u00fcr unsere Jugend<\/h3>\n<ul>\n<li>\u00a0Fr\u00fches und nahes Heranf\u00fchren an die Natur<\/li>\n<li>\u00a0dem waidgerechten Umgang mit dem Lebewesen Fisch<\/li>\n<li>\u00a0das Kennenlernen anderer Wassermitbewohner<\/li>\n<li>\u00a0Arterhaltung, Naturschutz und Wasserfachkunde<\/li>\n<li>\u00a0fr\u00fchzeitige Gew\u00e4sserpflege<\/li>\n<li>\u00a0den sozialen Kontakt untereinander<\/li>\n<li>Ger\u00e4tekunde<\/li>\n<\/ul>\n<table id=\"tablewrapper_CMTOI_cm4all_com_widgets_PhotoToi_11471864\" class=\"cm_widget_wrapper cm_widget_block\" cellspacing=\"0\" cellpadding=\"0\">\n<tbody>\n<tr>\n<td><\/td>\n<\/tr>\n<\/tbody>\n<\/table>\n","protected":false},"excerpt":{"rendered":"<p>Die Jugendgruppe Mit Brigitte Schmidt, Thorsten Langhammer und Andreas Hoffmann stehen der Jugend drei erfahrene, verantwortungsbewusste und engagierte Jugendleiter und Angler zur Verf\u00fcgung. \u00a0 Termine der Jugendgruppe sind in Vorbereitung &nbsp; Beginn ist jeweils um 14.00 Uhr. Bitte an vollst\u00e4ndige<\/p>\n","protected":false},"author":1,"featured_media":0,"parent":0,"menu_order":0,"comment_status":"closed","ping_status":"closed","template":"","meta":{"footnotes":""},"class_list":["post-72","page","type-page","status-publish","hentry"],"_links":{"self":[{"href":"https:\/\/www.xn--kreisfischereiverein-mnchberg-6bd.de\/index.php?rest_route=\/wp\/v2\/pages\/72","targetHints":{"allow":["GET"]}}],"collection":[{"href":"https:\/\/www.xn--kreisfischereiverein-mnchberg-6bd.de\/index.php?rest_route=\/wp\/v2\/pages"}],"about":[{"href":"https:\/\/www.xn--kreisfischereiverein-mnchberg-6bd.de\/index.php?rest_route=\/wp\/v2\/types\/page"}],"author":[{"embeddable":true,"href":"https:\/\/www.xn--kreisfischereiverein-mnchberg-6bd.de\/index.php?rest_route=\/wp\/v2\/users\/1"}],"replies":[{"embeddable":true,"href":"https:\/\/www.xn--kreisfischereiverein-mnchberg-6bd.de\/index.php?rest_route=%2Fwp%2Fv2%2Fcomments&post=72"}],"version-history":[{"count":29,"href":"https:\/\/www.xn--kreisfischereiverein-mnchberg-6bd.de\/index.php?rest_route=\/wp\/v2\/pages\/72\/revisions"}],"predecessor-version":[{"id":828,"href":"https:\/\/www.xn--kreisfischereiverein-mnchberg-6bd.de\/index.php?rest_route=\/wp\/v2\/pages\/72\/revisions\/828"}],"wp:attachment":[{"href":"https:\/\/www.xn--kreisfischereiverein-mnchberg-6bd.de\/index.php?rest_route=%2Fwp%2Fv2%2Fmedia&parent=72"}],"curies":[{"name":"wp","href":"https:\/\/api.w.org\/{rel}","templated":true}]}}