{"id":66,"date":"2015-07-03T13:41:04","date_gmt":"2015-07-03T11:41:04","guid":{"rendered":"http:\/\/kfvm.hosted-by-mm.com\/?page_id=66"},"modified":"2021-01-09T09:23:23","modified_gmt":"2021-01-09T08:23:23","slug":"unsere-aufzuchtsteiche","status":"publish","type":"page","link":"https:\/\/www.xn--kreisfischereiverein-mnchberg-6bd.de\/?page_id=66","title":{"rendered":"Unsere Aufzuchtsteiche"},"content":{"rendered":"<p>Der Kreisfischerei Verein M\u00fcnchberg zieht seine Fische f\u00fcr die Angelei und das allj\u00e4hrige Fischessen selbst gro\u00df.<\/p>\n<h3><strong><span style=\"color: #ff9900;\">Oelschnitz<\/span><\/strong><\/h3>\n<p>In\u00a0 Oelschnitz befinden sich zwei\u00a0 Aufzuchtteiche.<\/p>\n<p>Oelschnitz I<\/p>\n<p><a href=\"http:\/\/www.kreisfischereiverein-m\u00fcnchberg.de\/wp-content\/uploads\/2015\/07\/PICT1228.jpg\"><img loading=\"lazy\" decoding=\"async\" class=\"size-large wp-image-147 aligncenter\" src=\"http:\/\/www.kreisfischereiverein-m\u00fcnchberg.de\/wp-content\/uploads\/2015\/07\/PICT1228-1024x768.jpg\" alt=\"MINOLTA DIGITAL CAMERA\" width=\"710\" height=\"533\" srcset=\"https:\/\/www.xn--kreisfischereiverein-mnchberg-6bd.de\/wp-content\/uploads\/2015\/07\/PICT1228-1024x768.jpg 1024w, https:\/\/www.xn--kreisfischereiverein-mnchberg-6bd.de\/wp-content\/uploads\/2015\/07\/PICT1228-300x225.jpg 300w, https:\/\/www.xn--kreisfischereiverein-mnchberg-6bd.de\/wp-content\/uploads\/2015\/07\/PICT1228.jpg 2048w\" sizes=\"auto, (max-width: 710px) 100vw, 710px\" \/><\/a><\/p>\n<p><a href=\"http:\/\/www.kreisfischereiverein-m\u00fcnchberg.de\/wp-content\/uploads\/2015\/07\/PICT1229.jpg\"><img loading=\"lazy\" decoding=\"async\" class=\"size-large wp-image-148 aligncenter\" src=\"http:\/\/www.kreisfischereiverein-m\u00fcnchberg.de\/wp-content\/uploads\/2015\/07\/PICT1229-1024x768.jpg\" alt=\"MINOLTA DIGITAL CAMERA\" width=\"710\" height=\"533\" srcset=\"https:\/\/www.xn--kreisfischereiverein-mnchberg-6bd.de\/wp-content\/uploads\/2015\/07\/PICT1229-1024x768.jpg 1024w, https:\/\/www.xn--kreisfischereiverein-mnchberg-6bd.de\/wp-content\/uploads\/2015\/07\/PICT1229-300x225.jpg 300w, https:\/\/www.xn--kreisfischereiverein-mnchberg-6bd.de\/wp-content\/uploads\/2015\/07\/PICT1229.jpg 2048w\" sizes=\"auto, (max-width: 710px) 100vw, 710px\" \/><\/a><\/p>\n<p>Oelschnitz II<\/p>\n<p><a href=\"http:\/\/www.kreisfischereiverein-m\u00fcnchberg.de\/wp-content\/uploads\/2015\/07\/PICT1231.jpg\"><img loading=\"lazy\" decoding=\"async\" class=\"size-large wp-image-149 aligncenter\" src=\"http:\/\/www.kreisfischereiverein-m\u00fcnchberg.de\/wp-content\/uploads\/2015\/07\/PICT1231-1024x768.jpg\" alt=\"MINOLTA DIGITAL CAMERA\" width=\"710\" height=\"533\" srcset=\"https:\/\/www.xn--kreisfischereiverein-mnchberg-6bd.de\/wp-content\/uploads\/2015\/07\/PICT1231-1024x768.jpg 1024w, https:\/\/www.xn--kreisfischereiverein-mnchberg-6bd.de\/wp-content\/uploads\/2015\/07\/PICT1231-300x225.jpg 300w, https:\/\/www.xn--kreisfischereiverein-mnchberg-6bd.de\/wp-content\/uploads\/2015\/07\/PICT1231.jpg 2048w\" sizes=\"auto, (max-width: 710px) 100vw, 710px\" \/><\/a><\/p>\n<p><a href=\"http:\/\/www.kreisfischereiverein-m\u00fcnchberg.de\/wp-content\/uploads\/2015\/07\/PICT1233.jpg\"><img loading=\"lazy\" decoding=\"async\" class=\"size-large wp-image-151 aligncenter\" src=\"http:\/\/www.kreisfischereiverein-m\u00fcnchberg.de\/wp-content\/uploads\/2015\/07\/PICT1233-1024x768.jpg\" alt=\"MINOLTA DIGITAL CAMERA\" width=\"710\" height=\"533\" srcset=\"https:\/\/www.xn--kreisfischereiverein-mnchberg-6bd.de\/wp-content\/uploads\/2015\/07\/PICT1233-1024x768.jpg 1024w, https:\/\/www.xn--kreisfischereiverein-mnchberg-6bd.de\/wp-content\/uploads\/2015\/07\/PICT1233-300x225.jpg 300w, https:\/\/www.xn--kreisfischereiverein-mnchberg-6bd.de\/wp-content\/uploads\/2015\/07\/PICT1233.jpg 2048w\" sizes=\"auto, (max-width: 710px) 100vw, 710px\" \/><\/a><\/p>\n<p><a href=\"http:\/\/www.kreisfischereiverein-m\u00fcnchberg.de\/wp-content\/uploads\/2015\/07\/IMAG0665.jpg\"><img loading=\"lazy\" decoding=\"async\" class=\"size-large wp-image-178 aligncenter\" src=\"http:\/\/www.kreisfischereiverein-m\u00fcnchberg.de\/wp-content\/uploads\/2015\/07\/IMAG0665-1024x577.jpg\" alt=\"IMAG0665\" width=\"710\" height=\"400\" srcset=\"https:\/\/www.xn--kreisfischereiverein-mnchberg-6bd.de\/wp-content\/uploads\/2015\/07\/IMAG0665-1024x577.jpg 1024w, https:\/\/www.xn--kreisfischereiverein-mnchberg-6bd.de\/wp-content\/uploads\/2015\/07\/IMAG0665-300x169.jpg 300w\" sizes=\"auto, (max-width: 710px) 100vw, 710px\" \/><\/a><\/p>\n<h3><strong><span style=\"color: #ff9900;\">Hintere H\u00f6he<\/span><\/strong><\/h3>\n<p>Zwei weitere Aufzuchtteiche befinden sich in der Hinteren H\u00f6he in der N\u00e4he des Sees.<\/p>\n<p>Kleiner Teich<\/p>\n<p><a href=\"https:\/\/www.xn--kreisfischereiverein-mnchberg-6bd.de\/wp-content\/uploads\/2021\/01\/IMG_20201004_101148-scaled.jpg\"><img loading=\"lazy\" decoding=\"async\" class=\"aligncenter size-large wp-image-672\" src=\"https:\/\/www.xn--kreisfischereiverein-mnchberg-6bd.de\/wp-content\/uploads\/2021\/01\/IMG_20201004_101148-1024x768.jpg\" alt=\"\" width=\"710\" height=\"533\" srcset=\"https:\/\/www.xn--kreisfischereiverein-mnchberg-6bd.de\/wp-content\/uploads\/2021\/01\/IMG_20201004_101148-1024x768.jpg 1024w, https:\/\/www.xn--kreisfischereiverein-mnchberg-6bd.de\/wp-content\/uploads\/2021\/01\/IMG_20201004_101148-300x225.jpg 300w, https:\/\/www.xn--kreisfischereiverein-mnchberg-6bd.de\/wp-content\/uploads\/2021\/01\/IMG_20201004_101148-768x576.jpg 768w, https:\/\/www.xn--kreisfischereiverein-mnchberg-6bd.de\/wp-content\/uploads\/2021\/01\/IMG_20201004_101148-1536x1152.jpg 1536w, https:\/\/www.xn--kreisfischereiverein-mnchberg-6bd.de\/wp-content\/uploads\/2021\/01\/IMG_20201004_101148-2048x1536.jpg 2048w\" sizes=\"auto, (max-width: 710px) 100vw, 710px\" \/><\/a><\/p>\n<p><a href=\"https:\/\/www.xn--kreisfischereiverein-mnchberg-6bd.de\/wp-content\/uploads\/2021\/01\/IMG_20201004_101008-scaled.jpg\"><img loading=\"lazy\" decoding=\"async\" class=\"aligncenter size-large wp-image-671\" src=\"https:\/\/www.xn--kreisfischereiverein-mnchberg-6bd.de\/wp-content\/uploads\/2021\/01\/IMG_20201004_101008-1024x768.jpg\" alt=\"\" width=\"710\" height=\"533\" srcset=\"https:\/\/www.xn--kreisfischereiverein-mnchberg-6bd.de\/wp-content\/uploads\/2021\/01\/IMG_20201004_101008-1024x768.jpg 1024w, https:\/\/www.xn--kreisfischereiverein-mnchberg-6bd.de\/wp-content\/uploads\/2021\/01\/IMG_20201004_101008-300x225.jpg 300w, https:\/\/www.xn--kreisfischereiverein-mnchberg-6bd.de\/wp-content\/uploads\/2021\/01\/IMG_20201004_101008-768x576.jpg 768w, https:\/\/www.xn--kreisfischereiverein-mnchberg-6bd.de\/wp-content\/uploads\/2021\/01\/IMG_20201004_101008-1536x1152.jpg 1536w, https:\/\/www.xn--kreisfischereiverein-mnchberg-6bd.de\/wp-content\/uploads\/2021\/01\/IMG_20201004_101008-2048x1536.jpg 2048w\" sizes=\"auto, (max-width: 710px) 100vw, 710px\" \/><\/a><\/p>\n<p>gro\u00dfer Teich<\/p>\n<p><a href=\"https:\/\/www.xn--kreisfischereiverein-mnchberg-6bd.de\/wp-content\/uploads\/2021\/01\/IMG_20201004_101516-scaled.jpg\"><img loading=\"lazy\" decoding=\"async\" class=\"aligncenter size-large wp-image-674\" src=\"https:\/\/www.xn--kreisfischereiverein-mnchberg-6bd.de\/wp-content\/uploads\/2021\/01\/IMG_20201004_101516-1024x768.jpg\" alt=\"\" width=\"710\" height=\"533\" srcset=\"https:\/\/www.xn--kreisfischereiverein-mnchberg-6bd.de\/wp-content\/uploads\/2021\/01\/IMG_20201004_101516-1024x768.jpg 1024w, https:\/\/www.xn--kreisfischereiverein-mnchberg-6bd.de\/wp-content\/uploads\/2021\/01\/IMG_20201004_101516-300x225.jpg 300w, https:\/\/www.xn--kreisfischereiverein-mnchberg-6bd.de\/wp-content\/uploads\/2021\/01\/IMG_20201004_101516-768x576.jpg 768w, https:\/\/www.xn--kreisfischereiverein-mnchberg-6bd.de\/wp-content\/uploads\/2021\/01\/IMG_20201004_101516-1536x1152.jpg 1536w, https:\/\/www.xn--kreisfischereiverein-mnchberg-6bd.de\/wp-content\/uploads\/2021\/01\/IMG_20201004_101516-2048x1536.jpg 2048w\" sizes=\"auto, (max-width: 710px) 100vw, 710px\" \/><\/a><\/p>\n<p><a href=\"https:\/\/www.xn--kreisfischereiverein-mnchberg-6bd.de\/wp-content\/uploads\/2021\/01\/IMG_20201004_101330-scaled.jpg\"><img loading=\"lazy\" decoding=\"async\" class=\"aligncenter size-large wp-image-673\" src=\"https:\/\/www.xn--kreisfischereiverein-mnchberg-6bd.de\/wp-content\/uploads\/2021\/01\/IMG_20201004_101330-1024x768.jpg\" alt=\"\" width=\"710\" height=\"533\" srcset=\"https:\/\/www.xn--kreisfischereiverein-mnchberg-6bd.de\/wp-content\/uploads\/2021\/01\/IMG_20201004_101330-1024x768.jpg 1024w, https:\/\/www.xn--kreisfischereiverein-mnchberg-6bd.de\/wp-content\/uploads\/2021\/01\/IMG_20201004_101330-300x225.jpg 300w, https:\/\/www.xn--kreisfischereiverein-mnchberg-6bd.de\/wp-content\/uploads\/2021\/01\/IMG_20201004_101330-768x576.jpg 768w, https:\/\/www.xn--kreisfischereiverein-mnchberg-6bd.de\/wp-content\/uploads\/2021\/01\/IMG_20201004_101330-1536x1152.jpg 1536w, https:\/\/www.xn--kreisfischereiverein-mnchberg-6bd.de\/wp-content\/uploads\/2021\/01\/IMG_20201004_101330-2048x1536.jpg 2048w\" sizes=\"auto, (max-width: 710px) 100vw, 710px\" \/><\/a><\/p>\n","protected":false},"excerpt":{"rendered":"<p>Der Kreisfischerei Verein M\u00fcnchberg zieht seine Fische f\u00fcr die Angelei und das allj\u00e4hrige Fischessen selbst gro\u00df. Oelschnitz In\u00a0 Oelschnitz befinden sich zwei\u00a0 Aufzuchtteiche. Oelschnitz I Oelschnitz II Hintere H\u00f6he Zwei weitere Aufzuchtteiche befinden sich in der Hinteren H\u00f6he in der<\/p>\n","protected":false},"author":1,"featured_media":0,"parent":46,"menu_order":0,"comment_status":"closed","ping_status":"closed","template":"","meta":{"footnotes":""},"class_list":["post-66","page","type-page","status-publish","hentry"],"_links":{"self":[{"href":"https:\/\/www.xn--kreisfischereiverein-mnchberg-6bd.de\/index.php?rest_route=\/wp\/v2\/pages\/66","targetHints":{"allow":["GET"]}}],"collection":[{"href":"https:\/\/www.xn--kreisfischereiverein-mnchberg-6bd.de\/index.php?rest_route=\/wp\/v2\/pages"}],"about":[{"href":"https:\/\/www.xn--kreisfischereiverein-mnchberg-6bd.de\/index.php?rest_route=\/wp\/v2\/types\/page"}],"author":[{"embeddable":true,"href":"https:\/\/www.xn--kreisfischereiverein-mnchberg-6bd.de\/index.php?rest_route=\/wp\/v2\/users\/1"}],"replies":[{"embeddable":true,"href":"https:\/\/www.xn--kreisfischereiverein-mnchberg-6bd.de\/index.php?rest_route=%2Fwp%2Fv2%2Fcomments&post=66"}],"version-history":[{"count":8,"href":"https:\/\/www.xn--kreisfischereiverein-mnchberg-6bd.de\/index.php?rest_route=\/wp\/v2\/pages\/66\/revisions"}],"predecessor-version":[{"id":678,"href":"https:\/\/www.xn--kreisfischereiverein-mnchberg-6bd.de\/index.php?rest_route=\/wp\/v2\/pages\/66\/revisions\/678"}],"up":[{"embeddable":true,"href":"https:\/\/www.xn--kreisfischereiverein-mnchberg-6bd.de\/index.php?rest_route=\/wp\/v2\/pages\/46"}],"wp:attachment":[{"href":"https:\/\/www.xn--kreisfischereiverein-mnchberg-6bd.de\/index.php?rest_route=%2Fwp%2Fv2%2Fmedia&parent=66"}],"curies":[{"name":"wp","href":"https:\/\/api.w.org\/{rel}","templated":true}]}}