{"id":64,"date":"2015-07-03T13:40:26","date_gmt":"2015-07-03T11:40:26","guid":{"rendered":"http:\/\/kfvm.hosted-by-mm.com\/?page_id=64"},"modified":"2022-11-06T20:01:59","modified_gmt":"2022-11-06T19:01:59","slug":"unsere-angelgewaesser","status":"publish","type":"page","link":"https:\/\/www.xn--kreisfischereiverein-mnchberg-6bd.de\/?page_id=64","title":{"rendered":"Unsere Angelgew\u00e4sser"},"content":{"rendered":"<h3><span style=\"color: #ff6600;\">See &#8222;Hintere H\u00f6he&#8220;<\/span><\/h3>\n<p>Die &#8222;Hintere H\u00f6he&#8220; ist unser gr\u00f6\u00dftes Angelgew\u00e4sser mit einer Wasserfl\u00e4che von 2,4 ha und einer Tiefe von \u00fcber sechs Metern. Der See befindet sich in einer sehr ruhigen Lage und wird permanent von der Stadt M\u00fcnchberg gepflegt. Vor dem See gibt es reichlich Parkpl\u00e4tze, somit ist das Gew\u00e4sser leicht per Fu\u00df zu erreichen. Um den See herum gilt Fahr- und Parkverbot.<\/p>\n<p><strong>Gew\u00e4sserbeschreibung:<\/strong><\/p>\n<p>An der Ostseite am Damm hat der See eine Tiefe von gut 6 Metern und verl\u00e4uft seitlich auf 2 Meter Tiefe. An der Westseite (Hinterseite; Einlaufbereich) befindet sich eine ca. 60 Meter lange , kiesige Flachwasserzone von etwa 1 Meter Wassertiefe mit einem reichlichen Schilfg\u00fcrtel.<\/p>\n<p><strong>Unsere Fischarten:<\/strong><\/p>\n<p>Spiegelkarpfen, Schuppenkarpfen, Graskarpfen, Marmorkarpfen, Schleien, Giebel, Rotfedern, Rotaugen, Hechte, Zander, Barsche; Saiblinge; Regenbogenforellen und Aale<\/p>\n<p><a href=\"http:\/\/www.kreisfischereiverein-m\u00fcnchberg.de\/wp-content\/uploads\/2015\/07\/IMAG0472.jpg\"><img loading=\"lazy\" decoding=\"async\" class=\"aligncenter size-large wp-image-189\" src=\"http:\/\/www.kreisfischereiverein-m\u00fcnchberg.de\/wp-content\/uploads\/2015\/07\/IMAG0472-1024x577.jpg\" alt=\"IMAG0472\" width=\"710\" height=\"400\" srcset=\"https:\/\/www.xn--kreisfischereiverein-mnchberg-6bd.de\/wp-content\/uploads\/2015\/07\/IMAG0472-1024x577.jpg 1024w, https:\/\/www.xn--kreisfischereiverein-mnchberg-6bd.de\/wp-content\/uploads\/2015\/07\/IMAG0472-300x169.jpg 300w\" sizes=\"auto, (max-width: 710px) 100vw, 710px\" \/><\/a><\/p>\n<p><a href=\"http:\/\/www.kreisfischereiverein-m\u00fcnchberg.de\/wp-content\/uploads\/2015\/07\/P1010574.jpg\"><img loading=\"lazy\" decoding=\"async\" class=\"aligncenter size-large wp-image-191\" src=\"http:\/\/www.kreisfischereiverein-m\u00fcnchberg.de\/wp-content\/uploads\/2015\/07\/P1010574-1024x684.jpg\" alt=\"P1010574\" width=\"710\" height=\"474\" srcset=\"https:\/\/www.xn--kreisfischereiverein-mnchberg-6bd.de\/wp-content\/uploads\/2015\/07\/P1010574-1024x684.jpg 1024w, https:\/\/www.xn--kreisfischereiverein-mnchberg-6bd.de\/wp-content\/uploads\/2015\/07\/P1010574-300x200.jpg 300w\" sizes=\"auto, (max-width: 710px) 100vw, 710px\" \/><\/a><\/p>\n<p><a href=\"http:\/\/www.xn--kreisfischereiverein-mnchberg-6bd.de\/wp-content\/uploads\/2015\/07\/20160925_065405-e1474826379114.jpg\"><img loading=\"lazy\" decoding=\"async\" class=\"aligncenter size-large wp-image-371\" src=\"http:\/\/www.xn--kreisfischereiverein-mnchberg-6bd.de\/wp-content\/uploads\/2015\/07\/20160925_065405-e1474826379114-1024x576.jpg\" alt=\"20160925_065405\" width=\"710\" height=\"399\" srcset=\"https:\/\/www.xn--kreisfischereiverein-mnchberg-6bd.de\/wp-content\/uploads\/2015\/07\/20160925_065405-e1474826379114-1024x576.jpg 1024w, https:\/\/www.xn--kreisfischereiverein-mnchberg-6bd.de\/wp-content\/uploads\/2015\/07\/20160925_065405-e1474826379114-300x169.jpg 300w\" sizes=\"auto, (max-width: 710px) 100vw, 710px\" \/><\/a><\/p>\n<p><a href=\"http:\/\/www.xn--kreisfischereiverein-mnchberg-6bd.de\/wp-content\/uploads\/2015\/07\/20160925_102003.jpg\"><img loading=\"lazy\" decoding=\"async\" class=\"aligncenter size-large wp-image-373\" src=\"http:\/\/www.xn--kreisfischereiverein-mnchberg-6bd.de\/wp-content\/uploads\/2015\/07\/20160925_102003-1024x576.jpg\" alt=\"20160925_102003\" width=\"710\" height=\"399\" srcset=\"https:\/\/www.xn--kreisfischereiverein-mnchberg-6bd.de\/wp-content\/uploads\/2015\/07\/20160925_102003-1024x576.jpg 1024w, https:\/\/www.xn--kreisfischereiverein-mnchberg-6bd.de\/wp-content\/uploads\/2015\/07\/20160925_102003-300x169.jpg 300w\" sizes=\"auto, (max-width: 710px) 100vw, 710px\" \/><\/a><\/p>\n<hr \/>\n<h3><span style=\"color: #ff9900;\">Angelteich Solg<\/span><\/h3>\n<p>Unser zweites stehendes Angelgew\u00e4sser befindet sich in der N\u00e4he von Solg und ist nur f\u00fcr Vereinsmitglieder befischbar. Hier findet auch das j\u00e4hrliche Teichfest statt.<\/p>\n<p><strong>Gew\u00e4sserbeschreibung:<\/strong><\/p>\n<p>Tiefe: ca 2,5 Meter<\/p>\n<p>Wasserfl\u00e4che:<\/p>\n<p><strong>Unsere Fischarten:<\/strong><\/p>\n<p>Spiegelkarpfen, Schuppenkarpfen, Graskarpfen, Schleien, Giebel, Rotfedern, Rotaugen, Hechte, Zander, Barsche und Aale<\/p>\n<p><a href=\"https:\/\/www.xn--kreisfischereiverein-mnchberg-6bd.de\/wp-content\/uploads\/2015\/07\/Vereinsteich2.jpg\"><img loading=\"lazy\" decoding=\"async\" class=\"aligncenter size-large wp-image-174\" src=\"https:\/\/www.xn--kreisfischereiverein-mnchberg-6bd.de\/wp-content\/uploads\/2015\/07\/Vereinsteich2-1024x684.jpg\" alt=\"\" width=\"710\" height=\"474\" srcset=\"https:\/\/www.xn--kreisfischereiverein-mnchberg-6bd.de\/wp-content\/uploads\/2015\/07\/Vereinsteich2-1024x684.jpg 1024w, https:\/\/www.xn--kreisfischereiverein-mnchberg-6bd.de\/wp-content\/uploads\/2015\/07\/Vereinsteich2-300x200.jpg 300w\" sizes=\"auto, (max-width: 710px) 100vw, 710px\" \/><\/a><\/p>\n<p><a href=\"https:\/\/www.xn--kreisfischereiverein-mnchberg-6bd.de\/wp-content\/uploads\/2015\/07\/PIC_0059.jpg\"><img loading=\"lazy\" decoding=\"async\" class=\"size-large wp-image-175 aligncenter\" src=\"https:\/\/www.xn--kreisfischereiverein-mnchberg-6bd.de\/wp-content\/uploads\/2015\/07\/PIC_0059-1024x683.jpg\" alt=\"\" width=\"710\" height=\"474\" srcset=\"https:\/\/www.xn--kreisfischereiverein-mnchberg-6bd.de\/wp-content\/uploads\/2015\/07\/PIC_0059-1024x683.jpg 1024w, https:\/\/www.xn--kreisfischereiverein-mnchberg-6bd.de\/wp-content\/uploads\/2015\/07\/PIC_0059-300x200.jpg 300w\" sizes=\"auto, (max-width: 710px) 100vw, 710px\" \/><\/a><\/p>\n<h3><span style=\"color: #ff6600;\">Pulschnitz<\/span><\/h3>\n<p>Die Pulschnitz ist der Stadtbach von M\u00fcnchberg. Nach der gelungenen Renaturierung ist es sch\u00f6n zu sehen, wie die Bachforellen nach M\u00fccken steigen und welche Artenvielfalt insgesamt wieder angesiedelt ist. Sogar das Bachneunauge hat sich wieder im M\u00fcnchberger Stadtbach eingefunden. Unsere Angelstrecke beginnt hinter der Eisenbahnbr\u00fccke am Wertstoffhof und endet bei der M\u00fcndung in die s\u00e4chsische Saale.<\/p>\n<p><strong>Gew\u00e4sserbeschreibung:<\/strong><\/p>\n<p>Die Pulschnitz weist die typische Form eines Forellenbachs auf. Sie ist 2- 4 Meter breit, durchschnittlich 40 cm tief und flie\u00dft relativ schnell. Im unteren Abschnitt findet man viele Windungen mit tiefen Gumpen. Hier findet fast jeder Fisch der Region seinen Unterstand. Da die Pulschnitz streckenweise relativ frei von B\u00e4umen und Geh\u00f6lzen ist, kann man hier hervorragend Fliegenfischen.<\/p>\n<p><strong>Unsere Fischarten:<\/strong><\/p>\n<p>Bachforellen, Regenbogenforellen, \u00c4schen<\/p>\n<p>Als Beifang: Barsch, D\u00f6bel, Wei\u00dffische, Aale, Rutten<\/p>\n<p>Ab und an wandert auch ein Hecht in die Pulschnitz hoch. Hechte sind zum Fang frei (ohne Schonma\u00df und Schonzeit in der Forellenregion).<\/p>\n<p><a href=\"http:\/\/www.kreisfischereiverein-m\u00fcnchberg.de\/wp-content\/uploads\/2015\/07\/P1020054.jpg\"><img loading=\"lazy\" decoding=\"async\" class=\"aligncenter size-large wp-image-206\" src=\"http:\/\/www.kreisfischereiverein-m\u00fcnchberg.de\/wp-content\/uploads\/2015\/07\/P1020054-1024x684.jpg\" alt=\"P1020054\" width=\"710\" height=\"474\" srcset=\"https:\/\/www.xn--kreisfischereiverein-mnchberg-6bd.de\/wp-content\/uploads\/2015\/07\/P1020054-1024x684.jpg 1024w, https:\/\/www.xn--kreisfischereiverein-mnchberg-6bd.de\/wp-content\/uploads\/2015\/07\/P1020054-300x200.jpg 300w\" sizes=\"auto, (max-width: 710px) 100vw, 710px\" \/><\/a><\/p>\n<p><a href=\"http:\/\/www.kreisfischereiverein-m\u00fcnchberg.de\/wp-content\/uploads\/2015\/07\/P1020055.jpg\"><img loading=\"lazy\" decoding=\"async\" class=\"aligncenter size-large wp-image-207\" src=\"http:\/\/www.kreisfischereiverein-m\u00fcnchberg.de\/wp-content\/uploads\/2015\/07\/P1020055-1024x684.jpg\" alt=\"P1020055\" width=\"710\" height=\"474\" srcset=\"https:\/\/www.xn--kreisfischereiverein-mnchberg-6bd.de\/wp-content\/uploads\/2015\/07\/P1020055-1024x684.jpg 1024w, https:\/\/www.xn--kreisfischereiverein-mnchberg-6bd.de\/wp-content\/uploads\/2015\/07\/P1020055-300x200.jpg 300w\" sizes=\"auto, (max-width: 710px) 100vw, 710px\" \/><\/a><\/p>\n<p><a href=\"http:\/\/www.xn--kreisfischereiverein-mnchberg-6bd.de\/wp-content\/uploads\/2015\/07\/CAM00155.jpg\"><img loading=\"lazy\" decoding=\"async\" class=\"aligncenter size-large wp-image-396\" src=\"http:\/\/www.xn--kreisfischereiverein-mnchberg-6bd.de\/wp-content\/uploads\/2015\/07\/CAM00155-1024x768.jpg\" alt=\"cam00155\" width=\"710\" height=\"533\" srcset=\"https:\/\/www.xn--kreisfischereiverein-mnchberg-6bd.de\/wp-content\/uploads\/2015\/07\/CAM00155-1024x768.jpg 1024w, https:\/\/www.xn--kreisfischereiverein-mnchberg-6bd.de\/wp-content\/uploads\/2015\/07\/CAM00155-300x225.jpg 300w, https:\/\/www.xn--kreisfischereiverein-mnchberg-6bd.de\/wp-content\/uploads\/2015\/07\/CAM00155-768x576.jpg 768w\" sizes=\"auto, (max-width: 710px) 100vw, 710px\" \/><\/a><\/p>\n<hr \/>\n<h3><span style=\"color: #ff6600;\">Der L\u00f6stenbach<\/span><\/h3>\n<p>Dieser Bach weist eine einmalige Struktur in der Artenvielfalt auf und ist von einzigartiger Beschaffenheit &#8211; schnelle Str\u00f6mungen wechseln sich mit Gumpen von \u00fcber 1 Meter Tiefe ab. Die Angelstrecke beginnt unterhalb Kleinlosnitz und endet an der Schwabenholzbr\u00fccke zwischen M\u00fcnchberg und Sparneck.<\/p>\n<p><strong>Gew\u00e4sserbeschreibung:<\/strong><\/p>\n<p>Das sehr saubere Forellengew\u00e4sser ist 1-2 Meter breit, hat die Wasserg\u00fcteklasse 1 und liegt in einem Waserschutzgebiet.<\/p>\n<p><strong>Unsere Fischarten:<\/strong><\/p>\n<p>Bachforellen<\/p>\n<p>Als Beifang: Barsch, D\u00f6bel, Wei\u00dffische, Aale, Rutten ab und an sogar Schleien und Karpfen<\/p>\n<p><a href=\"http:\/\/www.xn--kreisfischereiverein-mnchberg-6bd.de\/wp-content\/uploads\/2015\/07\/iggi-pics-232.jpg\"><img loading=\"lazy\" decoding=\"async\" class=\"aligncenter size-large wp-image-389\" src=\"http:\/\/www.xn--kreisfischereiverein-mnchberg-6bd.de\/wp-content\/uploads\/2015\/07\/iggi-pics-232-1024x768.jpg\" alt=\"iggi-pics-232\" width=\"710\" height=\"533\" srcset=\"https:\/\/www.xn--kreisfischereiverein-mnchberg-6bd.de\/wp-content\/uploads\/2015\/07\/iggi-pics-232-1024x768.jpg 1024w, https:\/\/www.xn--kreisfischereiverein-mnchberg-6bd.de\/wp-content\/uploads\/2015\/07\/iggi-pics-232-300x225.jpg 300w, https:\/\/www.xn--kreisfischereiverein-mnchberg-6bd.de\/wp-content\/uploads\/2015\/07\/iggi-pics-232-768x576.jpg 768w\" sizes=\"auto, (max-width: 710px) 100vw, 710px\" \/><\/a><\/p>\n<p><a href=\"http:\/\/www.xn--kreisfischereiverein-mnchberg-6bd.de\/wp-content\/uploads\/2015\/07\/iggi-pics-141.jpg\"><img loading=\"lazy\" decoding=\"async\" class=\"aligncenter size-large wp-image-390\" src=\"http:\/\/www.xn--kreisfischereiverein-mnchberg-6bd.de\/wp-content\/uploads\/2015\/07\/iggi-pics-141-1024x768.jpg\" alt=\"iggi-pics-141\" width=\"710\" height=\"533\" srcset=\"https:\/\/www.xn--kreisfischereiverein-mnchberg-6bd.de\/wp-content\/uploads\/2015\/07\/iggi-pics-141-1024x768.jpg 1024w, https:\/\/www.xn--kreisfischereiverein-mnchberg-6bd.de\/wp-content\/uploads\/2015\/07\/iggi-pics-141-300x225.jpg 300w, https:\/\/www.xn--kreisfischereiverein-mnchberg-6bd.de\/wp-content\/uploads\/2015\/07\/iggi-pics-141-768x576.jpg 768w\" sizes=\"auto, (max-width: 710px) 100vw, 710px\" \/><\/a><\/p>\n<p><a href=\"http:\/\/www.xn--kreisfischereiverein-mnchberg-6bd.de\/wp-content\/uploads\/2015\/07\/iggi-pics-218.jpg\"><img loading=\"lazy\" decoding=\"async\" class=\"aligncenter size-large wp-image-388\" src=\"http:\/\/www.xn--kreisfischereiverein-mnchberg-6bd.de\/wp-content\/uploads\/2015\/07\/iggi-pics-218-1024x768.jpg\" alt=\"iggi-pics-218\" width=\"710\" height=\"533\" srcset=\"https:\/\/www.xn--kreisfischereiverein-mnchberg-6bd.de\/wp-content\/uploads\/2015\/07\/iggi-pics-218-1024x768.jpg 1024w, https:\/\/www.xn--kreisfischereiverein-mnchberg-6bd.de\/wp-content\/uploads\/2015\/07\/iggi-pics-218-300x225.jpg 300w, https:\/\/www.xn--kreisfischereiverein-mnchberg-6bd.de\/wp-content\/uploads\/2015\/07\/iggi-pics-218-768x576.jpg 768w\" sizes=\"auto, (max-width: 710px) 100vw, 710px\" \/><\/a><\/p>\n","protected":false},"excerpt":{"rendered":"<p>See &#8222;Hintere H\u00f6he&#8220; Die &#8222;Hintere H\u00f6he&#8220; ist unser gr\u00f6\u00dftes Angelgew\u00e4sser mit einer Wasserfl\u00e4che von 2,4 ha und einer Tiefe von \u00fcber sechs Metern. Der See befindet sich in einer sehr ruhigen Lage und wird permanent von der Stadt M\u00fcnchberg gepflegt.<\/p>\n","protected":false},"author":1,"featured_media":0,"parent":46,"menu_order":0,"comment_status":"closed","ping_status":"closed","template":"","meta":{"footnotes":""},"class_list":["post-64","page","type-page","status-publish","hentry"],"_links":{"self":[{"href":"https:\/\/www.xn--kreisfischereiverein-mnchberg-6bd.de\/index.php?rest_route=\/wp\/v2\/pages\/64","targetHints":{"allow":["GET"]}}],"collection":[{"href":"https:\/\/www.xn--kreisfischereiverein-mnchberg-6bd.de\/index.php?rest_route=\/wp\/v2\/pages"}],"about":[{"href":"https:\/\/www.xn--kreisfischereiverein-mnchberg-6bd.de\/index.php?rest_route=\/wp\/v2\/types\/page"}],"author":[{"embeddable":true,"href":"https:\/\/www.xn--kreisfischereiverein-mnchberg-6bd.de\/index.php?rest_route=\/wp\/v2\/users\/1"}],"replies":[{"embeddable":true,"href":"https:\/\/www.xn--kreisfischereiverein-mnchberg-6bd.de\/index.php?rest_route=%2Fwp%2Fv2%2Fcomments&post=64"}],"version-history":[{"count":16,"href":"https:\/\/www.xn--kreisfischereiverein-mnchberg-6bd.de\/index.php?rest_route=\/wp\/v2\/pages\/64\/revisions"}],"predecessor-version":[{"id":731,"href":"https:\/\/www.xn--kreisfischereiverein-mnchberg-6bd.de\/index.php?rest_route=\/wp\/v2\/pages\/64\/revisions\/731"}],"up":[{"embeddable":true,"href":"https:\/\/www.xn--kreisfischereiverein-mnchberg-6bd.de\/index.php?rest_route=\/wp\/v2\/pages\/46"}],"wp:attachment":[{"href":"https:\/\/www.xn--kreisfischereiverein-mnchberg-6bd.de\/index.php?rest_route=%2Fwp%2Fv2%2Fmedia&parent=64"}],"curies":[{"name":"wp","href":"https:\/\/api.w.org\/{rel}","templated":true}]}}