{"id":115,"date":"2015-07-03T14:55:45","date_gmt":"2015-07-03T12:55:45","guid":{"rendered":"http:\/\/kfvm.hosted-by-mm.com\/?page_id=115"},"modified":"2021-05-15T19:58:43","modified_gmt":"2021-05-15T17:58:43","slug":"vereinsausschuss","status":"publish","type":"page","link":"https:\/\/www.xn--kreisfischereiverein-mnchberg-6bd.de\/?page_id=115","title":{"rendered":"Vereinsausschuss"},"content":{"rendered":"<p>1. Vorstand: Thomas Schmidt<\/p>\n<p>2. Vorstand: Matthias Walther<\/p>\n<p>Schriftf\u00fchrer: J\u00f6rg Zeitler<\/p>\n<p>Kassier 1:\u00a0 Jana Weidlich<\/p>\n<p>Kassier 2: Thomas Schmidt<\/p>\n<p>Gew\u00e4sserwart 1: Janosch Feigl<\/p>\n<p>Gew\u00e4sserwart 2: Florian G\u00f6tz<\/p>\n<p>Jugendwart 1: Brigitte Schmidt<\/p>\n<p>Jugendwart 2: Thorsten Langhammer<\/p>\n<p>Jugendvertreter: Leon Kerschbaum<\/p>\n<p>Vereinsausschuss: Elfriede Ro\u00dfner; Herbert Schneider; Bernd Rie\u00df; Emmerich Feigl; Francis Oppenauer; J\u00fcrgen Wolfrum; Hermann Schlegel; Matthias G\u00fcttler-Popp; Karl-Heinz Benker; Olav Weidlich<\/p>\n<p>Bei Fragen rund um den Otter kann sich an\u00a0 Matthias G\u00fcttler-Popp gewandt werden (Tel: 0173 2002527)<\/p>\n","protected":false},"excerpt":{"rendered":"<p>1. Vorstand: Thomas Schmidt 2. Vorstand: Matthias Walther Schriftf\u00fchrer: J\u00f6rg Zeitler Kassier 1:\u00a0 Jana Weidlich Kassier 2: Thomas Schmidt Gew\u00e4sserwart 1: Janosch Feigl Gew\u00e4sserwart 2: Florian G\u00f6tz Jugendwart 1: Brigitte Schmidt Jugendwart 2: Thorsten Langhammer Jugendvertreter: Leon Kerschbaum Vereinsausschuss: Elfriede<\/p>\n","protected":false},"author":1,"featured_media":0,"parent":46,"menu_order":0,"comment_status":"closed","ping_status":"closed","template":"","meta":{"footnotes":""},"class_list":["post-115","page","type-page","status-publish","hentry"],"_links":{"self":[{"href":"https:\/\/www.xn--kreisfischereiverein-mnchberg-6bd.de\/index.php?rest_route=\/wp\/v2\/pages\/115","targetHints":{"allow":["GET"]}}],"collection":[{"href":"https:\/\/www.xn--kreisfischereiverein-mnchberg-6bd.de\/index.php?rest_route=\/wp\/v2\/pages"}],"about":[{"href":"https:\/\/www.xn--kreisfischereiverein-mnchberg-6bd.de\/index.php?rest_route=\/wp\/v2\/types\/page"}],"author":[{"embeddable":true,"href":"https:\/\/www.xn--kreisfischereiverein-mnchberg-6bd.de\/index.php?rest_route=\/wp\/v2\/users\/1"}],"replies":[{"embeddable":true,"href":"https:\/\/www.xn--kreisfischereiverein-mnchberg-6bd.de\/index.php?rest_route=%2Fwp%2Fv2%2Fcomments&post=115"}],"version-history":[{"count":11,"href":"https:\/\/www.xn--kreisfischereiverein-mnchberg-6bd.de\/index.php?rest_route=\/wp\/v2\/pages\/115\/revisions"}],"predecessor-version":[{"id":681,"href":"https:\/\/www.xn--kreisfischereiverein-mnchberg-6bd.de\/index.php?rest_route=\/wp\/v2\/pages\/115\/revisions\/681"}],"up":[{"embeddable":true,"href":"https:\/\/www.xn--kreisfischereiverein-mnchberg-6bd.de\/index.php?rest_route=\/wp\/v2\/pages\/46"}],"wp:attachment":[{"href":"https:\/\/www.xn--kreisfischereiverein-mnchberg-6bd.de\/index.php?rest_route=%2Fwp%2Fv2%2Fmedia&parent=115"}],"curies":[{"name":"wp","href":"https:\/\/api.w.org\/{rel}","templated":true}]}}